{"id":2811,"date":"2023-03-29T20:14:23","date_gmt":"2023-03-29T18:14:23","guid":{"rendered":"https:\/\/cloudminds.pl\/shop\/?post_type=product&#038;p=2811"},"modified":"2025-02-11T10:49:39","modified_gmt":"2025-02-11T09:49:39","slug":"koszulka-bunny-slim-fit-damska-2","status":"publish","type":"product","link":"https:\/\/cloudminds.pl\/shop\/produkt\/koszulka-bunny-slim-fit-damska-2\/","title":{"rendered":"Koszulka Bunny | Slim Fit Damska"},"content":{"rendered":"<p>Drop Animals powsta\u0142 na spontanie, w wyniku weny, jako lekarstwo na k\u0142\u0119bi\u0105ce si\u0119 my\u015bli. Do zwyczajnej tematyki zwierz\u0105t dodano psychodeliczn\u0105 warstw\u0119. Dzi\u0119ki temu r\u0119cznie zaprojektowane ilustracje otrzyma\u0142y szczypt\u0119 szale\u0144stwa.<\/p>\n<p>Oderwij si\u0119 od codzienno\u015bci wraz z tym szalonym designem i traf do swojej Chmury My\u015bli!<\/p>\n","protected":false},"excerpt":{"rendered":"<p>Oto koszulka Bunny z dropu Animals, kt\u00f3ra zapewni Ci odskoczni\u0119 od codzienno\u015bci!<\/p>\n<p>\u2013 kr\u00f3j: lekko taliowany \u2013 damski<br \/>\n\u2013 r\u0119kaw: \u201cmotylek\u201d<br \/>\n\u2013 dekolt: okr\u0105g\u0142y<br \/>\n\u2013 materia\u0142: 100% bawe\u0142na, gramatura 170 g\/m2<br \/>\n\u2013 nadruk z przodu: niewyczuwalny w dotyku, przepuszcza powietrze<br \/>\n\u2013 metka CloudMinds wszyta w kark<br \/>\n\u2013 tabela rozmiar\u00f3w w galerii, pomiar na p\u0142asko bez rozci\u0105gania, tolerancja pomiaru 1-2cm<\/p>\n","protected":false},"featured_media":2829,"template":"","meta":{"_uag_custom_page_level_css":"","_kadence_starter_templates_imported_post":false,"_kad_post_transparent":"default","_kad_post_title":"","_kad_post_layout":"default","_kad_post_sidebar_id":"","_kad_post_content_style":"default","_kad_post_vertical_padding":"default","_kad_post_feature":"","_kad_post_feature_position":"","_kad_post_header":false,"_kad_post_footer":false},"product_brand":[],"product_cat":[59,52,44,51],"product_tag":[],"class_list":{"0":"post-2811","1":"product","2":"type-product","3":"status-publish","4":"has-post-thumbnail","6":"product_cat-animals","7":"product_cat-kobieta","8":"product_cat-koszulki","9":"product_cat-wszystko","11":"first","12":"onbackorder","13":"featured","14":"shipping-taxable","15":"purchasable","16":"product-type-variable","17":"entry","18":"content-bg","19":"loop-entry"},"uagb_featured_image_src":{"full":["https:\/\/cloudminds.pl\/shop\/wp-content\/uploads\/2023\/03\/koszulka_CloudMinds_krolik_f-1.png",900,1083,false],"thumbnail":["https:\/\/cloudminds.pl\/shop\/wp-content\/uploads\/2023\/03\/koszulka_CloudMinds_krolik_f-1-150x150.png",150,150,true],"medium":["https:\/\/cloudminds.pl\/shop\/wp-content\/uploads\/2023\/03\/koszulka_CloudMinds_krolik_f-1-249x300.png",249,300,true],"medium_large":["https:\/\/cloudminds.pl\/shop\/wp-content\/uploads\/2023\/03\/koszulka_CloudMinds_krolik_f-1-768x924.png",768,924,true],"large":["https:\/\/cloudminds.pl\/shop\/wp-content\/uploads\/2023\/03\/koszulka_CloudMinds_krolik_f-1-851x1024.png",851,1024,true],"1536x1536":["https:\/\/cloudminds.pl\/shop\/wp-content\/uploads\/2023\/03\/koszulka_CloudMinds_krolik_f-1.png",900,1083,false],"2048x2048":["https:\/\/cloudminds.pl\/shop\/wp-content\/uploads\/2023\/03\/koszulka_CloudMinds_krolik_f-1.png",900,1083,false],"woocommerce_thumbnail":["https:\/\/cloudminds.pl\/shop\/wp-content\/uploads\/2023\/03\/koszulka_CloudMinds_krolik_f-1-800x800.png",800,800,true],"woocommerce_single":["https:\/\/cloudminds.pl\/shop\/wp-content\/uploads\/2023\/03\/koszulka_CloudMinds_krolik_f-1-700x842.png",700,842,true],"woocommerce_gallery_thumbnail":["https:\/\/cloudminds.pl\/shop\/wp-content\/uploads\/2023\/03\/koszulka_CloudMinds_krolik_f-1-100x100.png",100,100,true]},"uagb_author_info":{"display_name":"admin","author_link":"https:\/\/cloudminds.pl\/shop\/author\/"},"uagb_comment_info":0,"uagb_excerpt":"Oto koszulka Bunny z dropu Animals, kt\u00f3ra zapewni Ci odskoczni\u0119 od codzienno\u015bci! \u2013 kr\u00f3j: lekko taliowany \u2013 damski \u2013 r\u0119kaw: \u201cmotylek\u201d \u2013 dekolt: okr\u0105g\u0142y \u2013 materia\u0142: 100% bawe\u0142na, gramatura 170 g\/m2 \u2013 nadruk z przodu: niewyczuwalny w dotyku, przepuszcza powietrze \u2013 metka CloudMinds wszyta w kark \u2013 tabela rozmiar\u00f3w w galerii, pomiar na p\u0142asko bez&hellip;","_links":{"self":[{"href":"https:\/\/cloudminds.pl\/shop\/wp-json\/wp\/v2\/product\/2811","targetHints":{"allow":["GET"]}}],"collection":[{"href":"https:\/\/cloudminds.pl\/shop\/wp-json\/wp\/v2\/product"}],"about":[{"href":"https:\/\/cloudminds.pl\/shop\/wp-json\/wp\/v2\/types\/product"}],"wp:featuredmedia":[{"embeddable":true,"href":"https:\/\/cloudminds.pl\/shop\/wp-json\/wp\/v2\/media\/2829"}],"wp:attachment":[{"href":"https:\/\/cloudminds.pl\/shop\/wp-json\/wp\/v2\/media?parent=2811"}],"wp:term":[{"taxonomy":"product_brand","embeddable":true,"href":"https:\/\/cloudminds.pl\/shop\/wp-json\/wp\/v2\/product_brand?post=2811"},{"taxonomy":"product_cat","embeddable":true,"href":"https:\/\/cloudminds.pl\/shop\/wp-json\/wp\/v2\/product_cat?post=2811"},{"taxonomy":"product_tag","embeddable":true,"href":"https:\/\/cloudminds.pl\/shop\/wp-json\/wp\/v2\/product_tag?post=2811"}],"curies":[{"name":"wp","href":"https:\/\/api.w.org\/{rel}","templated":true}]}}